{"id":95,"date":"2014-08-21T18:13:49","date_gmt":"2014-08-22T01:59:42","guid":{"rendered":"http:\/\/mikael.wpengine.com\/?page_id=95"},"modified":"2018-11-06T16:28:26","modified_gmt":"2018-11-06T14:28:26","slug":"komma-igang","status":"publish","type":"page","link":"https:\/\/blueheart.center\/sv\/komma-igang\/","title":{"rendered":"Komma ig\u00e5ng"},"content":{"rendered":"<div class=\"wpb-content-wrapper\"><p>[vc_row][vc_column][vc_text_separator title=&#8221;Nyheter&#8221; i_icon_fontawesome=&#8221;fa fa-volume-up&#8221; i_color=&#8221;peacoc&#8221; add_icon=&#8221;true&#8221;][vc_column_text]<strong>H\u00f6st 2018<\/strong><\/p>\n<p>Vi har varit i kontakt med Livsuniversitetet, som \u00e4r en annan organisation norr om Norrt\u00e4lje med ungef\u00e4r samma vision. De driver idag lite verksamhet i form av Bed &amp; Breakfast p\u00e5 sommaren och h\u00e5ller lite event i sin kulturlada. Deras mark ligger riktigt trevligt och vi ska se hur vi kan g\u00e5 vidare i ett eventuellt samarbete, dialogen med dem forts\u00e4tter. Nedan lite bilder.<\/p>\n<p><img loading=\"lazy\" decoding=\"async\" class=\"alignnone size-thumbnail wp-image-11439\" src=\"https:\/\/blueheart.center\/wp-content\/uploads\/2018\/11\/IMG_9764-150x150.jpg\" alt=\"\" width=\"150\" height=\"150\" \/><img loading=\"lazy\" decoding=\"async\" class=\"alignnone size-thumbnail wp-image-11440\" src=\"https:\/\/blueheart.center\/wp-content\/uploads\/2018\/11\/IMG_9760-150x150.jpg\" alt=\"\" width=\"150\" height=\"150\" \/><img loading=\"lazy\" decoding=\"async\" class=\"alignnone size-thumbnail wp-image-11441\" src=\"https:\/\/blueheart.center\/wp-content\/uploads\/2018\/11\/IMG_9772-150x150.jpg\" alt=\"\" width=\"150\" height=\"150\" \/><img loading=\"lazy\" decoding=\"async\" class=\"alignnone size-thumbnail wp-image-11442\" src=\"https:\/\/blueheart.center\/wp-content\/uploads\/2018\/11\/IMG_9691-150x150.jpg\" alt=\"\" width=\"150\" height=\"150\" \/><img loading=\"lazy\" decoding=\"async\" class=\"alignnone size-thumbnail wp-image-11443\" src=\"https:\/\/blueheart.center\/wp-content\/uploads\/2018\/11\/IMG_9740-150x150.jpg\" alt=\"\" width=\"150\" height=\"150\" \/><img loading=\"lazy\" decoding=\"async\" class=\"alignnone size-thumbnail wp-image-11444\" src=\"https:\/\/blueheart.center\/wp-content\/uploads\/2018\/11\/IMG_9714-150x150.jpg\" alt=\"\" width=\"150\" height=\"150\" \/><img loading=\"lazy\" decoding=\"async\" class=\"alignnone size-thumbnail wp-image-11445\" src=\"https:\/\/blueheart.center\/wp-content\/uploads\/2018\/11\/IMG_9651-150x150.jpg\" alt=\"\" width=\"150\" height=\"150\" \/><img loading=\"lazy\" decoding=\"async\" class=\"alignnone size-thumbnail wp-image-11446\" src=\"https:\/\/blueheart.center\/wp-content\/uploads\/2018\/11\/IMG_9637-150x150.jpg\" alt=\"\" width=\"150\" height=\"150\" \/><img loading=\"lazy\" decoding=\"async\" class=\"alignnone size-thumbnail wp-image-11447\" src=\"https:\/\/blueheart.center\/wp-content\/uploads\/2018\/11\/IMG_9722-150x150.jpg\" alt=\"\" width=\"150\" height=\"150\" \/><img loading=\"lazy\" decoding=\"async\" class=\"alignnone size-thumbnail wp-image-11448\" src=\"https:\/\/blueheart.center\/wp-content\/uploads\/2018\/11\/IMG_9753-150x150.jpg\" alt=\"\" width=\"150\" height=\"150\" \/><img loading=\"lazy\" decoding=\"async\" class=\"alignnone size-thumbnail wp-image-11449\" src=\"https:\/\/blueheart.center\/wp-content\/uploads\/2018\/11\/IMG_9681-150x150.jpg\" alt=\"\" width=\"150\" height=\"150\" \/><img loading=\"lazy\" decoding=\"async\" class=\"alignnone size-thumbnail wp-image-11450\" src=\"https:\/\/blueheart.center\/wp-content\/uploads\/2018\/11\/IMG_9746-150x150.jpg\" alt=\"\" width=\"150\" height=\"150\" \/><img loading=\"lazy\" decoding=\"async\" class=\"alignnone size-thumbnail wp-image-11451\" src=\"https:\/\/blueheart.center\/wp-content\/uploads\/2018\/11\/IMG_9653-150x150.jpg\" alt=\"\" width=\"150\" height=\"150\" \/><img loading=\"lazy\" decoding=\"async\" class=\"alignnone size-thumbnail wp-image-11452\" src=\"https:\/\/blueheart.center\/wp-content\/uploads\/2018\/11\/IMG_9701-150x150.jpg\" alt=\"\" width=\"150\" height=\"150\" \/><img loading=\"lazy\" decoding=\"async\" class=\"alignnone size-thumbnail wp-image-11453\" src=\"https:\/\/blueheart.center\/wp-content\/uploads\/2018\/11\/IMG_9631-150x150.jpg\" alt=\"\" width=\"150\" height=\"150\" \/><img loading=\"lazy\" decoding=\"async\" class=\"alignnone size-thumbnail wp-image-11454\" src=\"https:\/\/blueheart.center\/wp-content\/uploads\/2018\/11\/IMG_9765-150x150.jpg\" alt=\"\" width=\"150\" height=\"150\" \/><img loading=\"lazy\" decoding=\"async\" class=\"alignnone size-thumbnail wp-image-11455\" src=\"https:\/\/blueheart.center\/wp-content\/uploads\/2018\/11\/IMG_9717-150x150.jpg\" alt=\"\" width=\"150\" height=\"150\" \/><img loading=\"lazy\" decoding=\"async\" class=\"alignnone size-thumbnail wp-image-11456\" src=\"https:\/\/blueheart.center\/wp-content\/uploads\/2018\/11\/IMG_9698-150x150.jpg\" alt=\"\" width=\"150\" height=\"150\" \/><img loading=\"lazy\" decoding=\"async\" class=\"alignnone size-thumbnail wp-image-11457\" src=\"https:\/\/blueheart.center\/wp-content\/uploads\/2018\/11\/IMG_9656-150x150.jpg\" alt=\"\" width=\"150\" height=\"150\" \/><img loading=\"lazy\" decoding=\"async\" class=\"alignnone size-thumbnail wp-image-11458\" src=\"https:\/\/blueheart.center\/wp-content\/uploads\/2018\/11\/IMG_9635-150x150.jpg\" alt=\"\" width=\"150\" height=\"150\" \/><img loading=\"lazy\" decoding=\"async\" class=\"alignnone size-thumbnail wp-image-11459\" src=\"https:\/\/blueheart.center\/wp-content\/uploads\/2018\/11\/IMG_9647-150x150.jpg\" alt=\"\" width=\"150\" height=\"150\" \/><img loading=\"lazy\" decoding=\"async\" class=\"alignnone size-thumbnail wp-image-11460\" src=\"https:\/\/blueheart.center\/wp-content\/uploads\/2018\/11\/IMG_9669-150x150.jpg\" alt=\"\" width=\"150\" height=\"150\" \/><img loading=\"lazy\" decoding=\"async\" class=\"alignnone size-thumbnail wp-image-11461\" src=\"https:\/\/blueheart.center\/wp-content\/uploads\/2018\/11\/IMG_9641-150x150.jpg\" alt=\"\" width=\"150\" height=\"150\" \/><img loading=\"lazy\" decoding=\"async\" class=\"alignnone size-thumbnail wp-image-11462\" src=\"https:\/\/blueheart.center\/wp-content\/uploads\/2018\/11\/IMG_9652-150x150.jpg\" alt=\"\" width=\"150\" height=\"150\" \/><img loading=\"lazy\" decoding=\"async\" class=\"alignnone size-thumbnail wp-image-11463\" src=\"https:\/\/blueheart.center\/wp-content\/uploads\/2018\/11\/IMG_9642-150x150.jpg\" alt=\"\" width=\"150\" height=\"150\" \/><img loading=\"lazy\" decoding=\"async\" class=\"alignnone size-thumbnail wp-image-11464\" src=\"https:\/\/blueheart.center\/wp-content\/uploads\/2018\/11\/IMG_9850-150x150.jpg\" alt=\"\" width=\"150\" height=\"150\" \/><\/p>\n<p>&nbsp;<\/p>\n<p>2017-01-21<\/p>\n<p>Informations m\u00f6te, workshop och brainstorming h\u00f6lls under eftermiddagen p\u00e5 i Nodens lokaler.<\/p>\n<p><em>2016-12-21<\/em><\/p>\n<p>I b\u00f6rjan p\u00e5 november gav vi oss ut p\u00e5 en f\u00f6rsta resa f\u00f6r att hitta det vad vi anser \u00e4r det framtida och mest anpassade levernet f\u00f6r m\u00e4nniska och planet.<\/p>\n<p>Vi gav oss iv\u00e4g f\u00f6r att se hur samh\u00e4llet Auroville som bel\u00e4get i Pondycherry, Indien fungerar.<\/p>\n<h3>Hur byggdes Auroville<\/h3>\n<p>Den 28e februari 1968 samlades 5000 personer runt om fr\u00e5n v\u00e4rldens olika nationer tillsammans med Indiens alla stater f\u00f6r att bygga det som idag \u00e4r Auroville och som \u00e4r i st\u00e4ndig utveckling. H\u00e4r finns plats f\u00f6r 50 000 fr\u00e5n v\u00e4rldens alla h\u00f6rn, det som sammankopplar alla dessa m\u00e4nniskor \u00e4r att de alla har ett gemensamt m\u00e5l, att f\u00f6rena m\u00e4nskligheten.<\/p>\n<p>Auroville \u00e4r idag en by med egen valuta som \u00e4r helt oberoende av dagens banksystem, eget styrelseskick och en egen liten befolkning. H\u00e4r anv\u00e4nds byteshandel men till st\u00f6rsta del sj\u00e4lvf\u00f6rs\u00f6rjning. De har under \u00e5ren utvecklat ett antal \u201df\u00f6retag\u201d som \u00e4r b\u00e5de effektiva och goda f\u00f6r omgivningen. Det handlar om allt ifr\u00e5n restauranger som serverar lokalproducerad mat i alla m\u00f6jliga stilar som utomst\u00e5ende kan komma och bes\u00f6ka och prova. Det finns en spa-anl\u00e4ggning som \u00e4ven utvecklat varum\u00e4rket \u201dMAROMA\u201d som numera \u00e4r k\u00e4nt i hela Indien. I Auroville produceras choklad, ekologisk s\u00e5klart. Man \u00e5tervinner gamla f\u00f6rpackningar och skapar nya funktionella saker av dem, som tallrikar och sk\u00e5lar gjorda av tidningspapper. Det finns ett flertal kollektioner som kommer fr\u00e5n olika designers. Honung. N\u00f6tter. Delikatesser. Smycken. Kaffe. Det mesta som produceras finns ocks\u00e5 tillg\u00e4ngligt att k\u00f6pa f\u00f6r utomst\u00e5ende p\u00e5 en centralt placerad shop i visitors center.<\/p>\n<p>&nbsp;<\/p>\n<p><strong><a href=\"https:\/\/blueheart.center\/sv\/blueheart-center-update-vinter-2016\/\">L\u00e4s hela inl\u00e4gget h\u00e4r. &gt;&gt;<\/a><\/strong>[\/vc_column_text][\/vc_column][\/vc_row][vc_row][vc_column width=&#8221;1\/3&#8243;][vc_column_text css=&#8221;.vc_custom_1475995309370{margin-top: 2px !important;margin-right: 2px !important;margin-bottom: 2px !important;margin-left: 2px !important;border-top-width: 1px !important;border-right-width: 1px !important;border-bottom-width: 1px !important;border-left-width: 1px !important;padding-top: 2px !important;padding-right: 2px !important;padding-bottom: 2px !important;padding-left: 2px !important;background-color: #ffffff !important;border-left-color: #000000 !important;border-left-style: solid !important;border-right-color: #000000 !important;border-right-style: solid !important;border-top-color: #000000 !important;border-top-style: solid !important;border-bottom-color: #000000 !important;border-bottom-style: solid !important;border-radius: 1px !important;}&#8221;]<img loading=\"lazy\" decoding=\"async\" class=\"aligncenter wp-image-5210 size-medium\" src=\"http:\/\/blueheart.center\/wp-content\/uploads\/2014\/08\/Dawnfire-300x169.jpg\" alt=\"Auroville\" width=\"300\" height=\"169\" \/>Bes\u00f6k till andra permakulturer inplanerade. F\u00f6rsta stoppet Auroville i Indien.<\/p>\n<blockquote><p>The concept of Auroville &#8211; an ideal township devoted to an experiment in human unity.<\/p><\/blockquote>\n<p>Mer om Auroville kan du <a href=\"http:\/\/www.auroville.org\/contents\/95\">l\u00e4sa h\u00e4r.<\/a><\/p>\n<p><span style=\"border-radius: 2px; text-indent: 20px; width: auto; padding: 0px 4px 0px 0px; text-align: center; font: bold 11px\/20px 'Helvetica Neue',Helvetica,sans-serif; color: #ffffff; background: #bd081c no-repeat scroll 3px 50% \/ 14px 14px; position: absolute; opacity: 1; z-index: 8675309; display: none; cursor: pointer; top: 26px; left: 358px;\">Save<\/span><\/p>\n<p><span style=\"border-radius: 2px; text-indent: 20px; width: auto; padding: 0px 4px 0px 0px; text-align: center; font: bold 11px\/20px 'Helvetica Neue',Helvetica,sans-serif; color: #ffffff; background: #bd081c no-repeat scroll 3px 50% \/ 14px 14px; position: absolute; opacity: 1; z-index: 8675309; display: none; cursor: pointer;\">Save<\/span>[\/vc_column_text][vc_column_text]<\/p>\n<h3>Insamlande av pengar<\/h3>\n<p>Hur mycket pengar stiftelsen har och vad som kommer in <a href=\"http:\/\/blueheart.center\/sv\/projektstatus-uppdateringar\/\">redovisas h\u00e4r &gt;&gt;<\/a>.<\/p>\n<p><span style=\"border-radius: 2px; text-indent: 20px; width: auto; padding: 0px 4px 0px 0px; text-align: center; font: bold 11px\/20px 'Helvetica Neue',Helvetica,sans-serif; color: #ffffff; background: #bd081c no-repeat scroll 3px 50% \/ 14px 14px; position: absolute; opacity: 1; z-index: 8675309; display: none; cursor: pointer;\">Save<\/span><\/p>\n<p><span style=\"border-radius: 2px; text-indent: 20px; width: auto; padding: 0px 4px 0px 0px; text-align: center; font: bold 11px\/20px 'Helvetica Neue',Helvetica,sans-serif; color: #ffffff; background: #bd081c no-repeat scroll 3px 50% \/ 14px 14px; position: absolute; opacity: 1; z-index: 8675309; display: none; cursor: pointer;\">Save<\/span>[\/vc_column_text][\/vc_column][vc_column width=&#8221;1\/3&#8243;][vc_column_text]2016-07-07 &#8211; Kurs i att bygga lerhus och lergolv i H\u00f6l\u00f6 med EkoBygg klar.[\/vc_column_text][\/vc_column][vc_column width=&#8221;1\/3&#8243;][vc_column_text]2016-05-01 &#8211; Antagna till Google AdGrants Pro Program, vilket ger v\u00e5r organisation c:a 350 000 kr i m\u00e5naden i annonsering.[\/vc_column_text][\/vc_column][\/vc_row][vc_row][vc_column][vc_video link=&#8221;https:\/\/www.youtube.com\/watch?v=l3s_qRvAglk&#8221; title=&#8221;Demostration mot lagen om danstillst\u00e5nd&#8221;][vc_column_text][wdi_feed id=&#8221;1&#8243;][\/vc_column_text][vc_images_carousel images=&#8221;5032,5031,5030,5029,5028,5027,5026,5025,5024,5023,4962,4961,4953,4954,4955,4956,4951,4960&#8243; img_size=&#8221;large&#8221; mode=&#8221;vertical&#8221; title=&#8221;Hur ska bost\u00e4derna se ut?&#8221;][\/vc_column][\/vc_row][vc_row][vc_column][\/vc_column][\/vc_row][vc_row][vc_column][vc_column_text]<\/p>\n<p><span style=\"border-radius: 2px; text-indent: 20px; width: auto; padding: 0px 4px 0px 0px; text-align: center; font: bold 11px\/20px 'Helvetica Neue',Helvetica,sans-serif; color: #ffffff; background: #bd081c no-repeat scroll 3px 50% \/ 14px 14px; position: absolute; opacity: 1; z-index: 8675309; display: none; cursor: pointer;\">Save<\/span>[\/vc_column_text][\/vc_column][\/vc_row]<\/p>\n<\/div>","protected":false},"excerpt":{"rendered":"<p>[vc_row][vc_column][vc_text_separator title=&#8221;Nyheter&#8221; i_icon_fontawesome=&#8221;fa fa-volume-up&#8221; i_color=&#8221;peacoc&#8221; add_icon=&#8221;true&#8221;][vc_column_text]H\u00f6st 2018 Vi har varit i kontakt med Livsuniversitetet, som \u00e4r en annan organisation norr om Norrt\u00e4lje med ungef\u00e4r samma vision. De driver idag lite verksamhet i form av Bed &amp; Breakfast p\u00e5 sommaren och h\u00e5ller lite event i sin kulturlada. Deras mark ligger riktigt trevligt och vi ska se [&hellip;]<\/p>\n","protected":false},"author":1,"featured_media":0,"parent":0,"menu_order":0,"comment_status":"open","ping_status":"open","template":"page-FullWidth.php","meta":{"footnotes":""},"class_list":["post-95","page","type-page","status-publish","hentry"],"_links":{"self":[{"href":"https:\/\/blueheart.center\/sv\/wp-json\/wp\/v2\/pages\/95","targetHints":{"allow":["GET"]}}],"collection":[{"href":"https:\/\/blueheart.center\/sv\/wp-json\/wp\/v2\/pages"}],"about":[{"href":"https:\/\/blueheart.center\/sv\/wp-json\/wp\/v2\/types\/page"}],"author":[{"embeddable":true,"href":"https:\/\/blueheart.center\/sv\/wp-json\/wp\/v2\/users\/1"}],"replies":[{"embeddable":true,"href":"https:\/\/blueheart.center\/sv\/wp-json\/wp\/v2\/comments?post=95"}],"version-history":[{"count":0,"href":"https:\/\/blueheart.center\/sv\/wp-json\/wp\/v2\/pages\/95\/revisions"}],"wp:attachment":[{"href":"https:\/\/blueheart.center\/sv\/wp-json\/wp\/v2\/media?parent=95"}],"curies":[{"name":"wp","href":"https:\/\/api.w.org\/{rel}","templated":true}]}}