{"id":917,"date":"2015-06-23T06:11:49","date_gmt":"2015-06-23T04:11:49","guid":{"rendered":"http:\/\/mikael.wpengine.com\/?page_id=917"},"modified":"2015-06-23T10:30:12","modified_gmt":"2015-06-23T08:30:12","slug":"member","status":"publish","type":"page","link":"https:\/\/blueheart.center\/sv\/plan-milstolpar\/member\/","title":{"rendered":"Member"},"content":{"rendered":"<h2>Bli medlem i Blueheart Center<\/h2>\n<p>Att vara medlem \u00e4r ett kravl\u00f6st och perfekt s\u00e4tt att medverka f\u00f6r de som g\u00e4rna kommer p\u00e5 event och festligheter p\u00e5 centret eller deltar i n\u00e5gon kurs. Att bli medlem fungerar utm\u00e4rkt ocks\u00e5 om du bara vill visa ditt st\u00f6d men inte vill eller hinner engagera dig mer i projektet just nu.<\/p>\n<h3>Vi s\u00e4ljer tre typer av medlemskap!<\/h3>\n<p><strong>Honored + Invited <\/strong>&#8211; 1 200 kr &#8211; Det allra b\u00e4sta garanterar dig en plats p\u00e5 invigningen av Blueheart Center s\u00e5v\u00e4l som entr\u00e9avgiften till den stora festen med gl\u00e4djesprudlande Psytrance- och Techno-DJs i v\u00e4rldsklass. \u00c5ren d\u00e4rp\u00e5 kostar alla medlemskap lika, det kommer bara finnas en typ av medlemskap n\u00e4r centret har \u00f6ppnat. Ditt vackra kort beh\u00e5ller du dock f\u00f6r alltid, och kan stolt visa upp att du var med fr\u00e5n b\u00f6rjan, ett unikt tillf\u00e4lle att ett speciellt medlemskort som bara g\u00e5r att f\u00e5 nu innan centret \u00f6ppnar.<\/p>\n<p><strong>Honored<\/strong> \u2013 650 kr \u2013 Du blir hedersmedlem, och f\u00e5r en bonus. Detta speciella medlemskap finns endast att f\u00e5 fram tills att centret \u00f6ppnar.<\/p>\n<p><strong>Standard<\/strong> \u2013 250 kr \u2013 Ett \u00e5rs medlemskap som b\u00f6rjar g\u00e4lla fr\u00e5n dagen centret \u00f6ppnar.<\/p>\n<p><em><strong>Andra \u00e5ret efter det att centret har \u00f6ppnat kommer alla medlemskap att ha samma pris oavsett ovan priser.<\/strong><\/em><\/p>\n<p>Som medlem betalar man en avgift och deltar p\u00e5 sina villkor. Aktiviteter s\u00e5v\u00e4l i utbildningssyfte som festligheter.<\/p>\n","protected":false},"excerpt":{"rendered":"<p>Bli medlem i Blueheart Center Att vara medlem \u00e4r ett kravl\u00f6st och perfekt s\u00e4tt att medverka f\u00f6r de som g\u00e4rna kommer p\u00e5 event och festligheter p\u00e5 centret eller deltar i n\u00e5gon kurs. Att bli medlem fungerar utm\u00e4rkt ocks\u00e5 om du bara vill visa ditt st\u00f6d men inte vill eller hinner engagera dig mer i projektet [&hellip;]<\/p>\n","protected":false},"author":1,"featured_media":619,"parent":89,"menu_order":0,"comment_status":"open","ping_status":"open","template":"page-FullWidth.php","meta":{"footnotes":""},"class_list":["post-917","page","type-page","status-publish","has-post-thumbnail","hentry"],"_links":{"self":[{"href":"https:\/\/blueheart.center\/sv\/wp-json\/wp\/v2\/pages\/917","targetHints":{"allow":["GET"]}}],"collection":[{"href":"https:\/\/blueheart.center\/sv\/wp-json\/wp\/v2\/pages"}],"about":[{"href":"https:\/\/blueheart.center\/sv\/wp-json\/wp\/v2\/types\/page"}],"author":[{"embeddable":true,"href":"https:\/\/blueheart.center\/sv\/wp-json\/wp\/v2\/users\/1"}],"replies":[{"embeddable":true,"href":"https:\/\/blueheart.center\/sv\/wp-json\/wp\/v2\/comments?post=917"}],"version-history":[{"count":0,"href":"https:\/\/blueheart.center\/sv\/wp-json\/wp\/v2\/pages\/917\/revisions"}],"up":[{"embeddable":true,"href":"https:\/\/blueheart.center\/sv\/wp-json\/wp\/v2\/pages\/89"}],"wp:featuredmedia":[{"embeddable":true,"href":"https:\/\/blueheart.center\/sv\/wp-json\/wp\/v2\/media\/619"}],"wp:attachment":[{"href":"https:\/\/blueheart.center\/sv\/wp-json\/wp\/v2\/media?parent=917"}],"curies":[{"name":"wp","href":"https:\/\/api.w.org\/{rel}","templated":true}]}}