{"id":3074,"date":"2015-12-05T10:07:54","date_gmt":"2015-12-05T08:07:54","guid":{"rendered":"http:\/\/blueheart.center\/?page_id=3074"},"modified":"2025-10-06T11:07:10","modified_gmt":"2025-10-06T09:07:10","slug":"presentation-av-styrelsen","status":"publish","type":"page","link":"https:\/\/blueheart.center\/sv\/projektstatus-uppdateringar\/presentation-av-styrelsen\/","title":{"rendered":"Presentation av styrelsen"},"content":{"rendered":"<div class=\"wpb-content-wrapper\"><p>[vc_row][vc_column][vc_text_separator title=&#8221;I styrelsen f\u00f6r Blueheart Project sitter vi&#8221; i_icon_fontawesome=&#8221;fa fa-gavel&#8221; color=&#8221;blue&#8221; add_icon=&#8221;true&#8221;][vc_column_text][one_third]<br \/>\n[custom_frame_center shadow=&#8221;on&#8221;]<a href=\"https:\/\/blueheart.center\/wp-content\/uploads\/2019\/05\/sofie.jpg\"><img loading=\"lazy\" decoding=\"async\" class=\"alignnone wp-image-12663 size-thumbnail\" src=\"https:\/\/blueheart.center\/wp-content\/uploads\/2019\/05\/sofie-150x150.jpg\" alt=\"\" width=\"150\" height=\"150\" \/><\/a>[\/custom_frame_center]<\/p>\n<h3 style=\"text-align: center;\">Sofie Nor\u00e9n<\/h3>\n<p>Sofie \u00e4r ordf\u00f6rande i stiftelsens styrelse och st\u00e5r f\u00f6r enkelhet och har fantastiska och samtidigt jordn\u00e4ra planer p\u00e5 det mesta. Sofie Nor\u00e9n valdes in som ledamot p\u00e5 \u00e5rsst\u00e4mman den 26 april 2019. Sofie \u00e4r inte bara utbildad samh\u00e4llsentrepren\u00f6r utan har \u00e4ven g\u00e5tt h\u00e4stsk\u00f6tarutbildningen. Hon brinner f\u00f6r djur, och s\u00e4rskilt h\u00e4star och hundar &#8211; och f\u00f6r att g\u00f6ra n\u00e5got bra f\u00f6r v\u00e4rlden.<br \/>\n[\/one_third] [one_third]<br \/>\n[custom_frame_center shadow=&#8221;on&#8221;]BILD[\/custom_frame_center]<\/p>\n<h3 style=\"text-align: center;\">Tim Sandgren<\/h3>\n<p>Tim \u00e4r v\u00e5r sekreterare och valdes in i styrelsen 2023. Tim \u00e4r en fantastisk n\u00e4tverkare, och man kan n\u00e4stan s\u00e4ga att han har vigt sitt liv \u00e5t att verka f\u00f6r att v\u00e5r v\u00e4rld g\u00e5r in i en blomstrande era d\u00e4r alla f\u00e5r m\u00f6jlighet att arbeta fr\u00e5n hj\u00e4rtats lust. [\/one_third] [one_third_last]<br \/>\n[custom_frame_center shadow=&#8221;on&#8221;][\/custom_frame_center]<\/p>\n<p>[\/one_third_last]<\/p>\n<p>[clear]<\/p>\n<p>&nbsp;<\/p>\n<p>[one_third]<br \/>\n[custom_frame_center shadow=&#8221;on&#8221;]<a href=\"https:\/\/s3-eu-west-1.amazonaws.com\/blueheart.center\/wp-content\/uploads\/20151205080754\/tommy.jpg\"><img loading=\"lazy\" decoding=\"async\" class=\"alignnone size-thumbnail wp-image-3085\" src=\"https:\/\/s3-eu-west-1.amazonaws.com\/blueheart.center\/wp-content\/uploads\/20151205080754\/tommy-150x150.jpg\" alt=\"tommy\" width=\"150\" height=\"150\" \/><\/a>[\/custom_frame_center]<\/p>\n<h3 style=\"text-align: center;\">Tommy Lorentsen<\/h3>\n<p>Tommy en av s\u00e4llan sk\u00e5dade proportioner en hj\u00e4lpsam sj\u00e4l som brinner f\u00f6r att ta hand om sina medm\u00e4nniskor. Tommy \u00e4r v\u00e5r kass\u00f6r.<br \/>\n[\/one_third] [one_third]<br \/>\n[custom_frame_center shadow=&#8221;on&#8221;]<a href=\"https:\/\/s3-eu-west-1.amazonaws.com\/blueheart.center\/wp-content\/uploads\/20151019195710\/mikae-bl%25C3%25A5-keps.jpg\"><img loading=\"lazy\" decoding=\"async\" class=\"alignnone size-thumbnail wp-image-2925\" src=\"https:\/\/s3-eu-west-1.amazonaws.com\/blueheart.center\/wp-content\/uploads\/20151019195710\/mikae-bl%C3%A5-keps-150x150.jpg\" alt=\"mikae bl\u00e5 keps\" width=\"150\" height=\"150\" \/><\/a>[\/custom_frame_center]<\/p>\n<h3 style=\"text-align: center;\">Mikael Olsson<\/h3>\n<p>Mikael, ledamot i styrelsen och frihets\u00e4lskande individ som tror och verkar f\u00f6r att v\u00e5r v\u00e4rld baseras p\u00e5 k\u00e4rlek och frihet som grundv\u00e4rdering.[\/one_third] [one_third_last]<br \/>\n[custom_frame_center shadow=&#8221;on&#8221;]<a href=\"https:\/\/s3-eu-west-1.amazonaws.com\/blueheart.center\/wp-content\/uploads\/20151205044113\/anders-varveus.jpg\"><img loading=\"lazy\" decoding=\"async\" class=\"alignnone size-thumbnail wp-image-3084\" src=\"https:\/\/s3-eu-west-1.amazonaws.com\/blueheart.center\/wp-content\/uploads\/20151205044113\/anders-varveus-150x150.jpg\" alt=\"anders-varveus\" width=\"150\" height=\"150\" \/><\/a>[\/custom_frame_center]<\/p>\n<h3 style=\"text-align: center;\">Anders Varveus<\/h3>\n<p>Anders \u00e4r \u00e4ven k\u00e4nd som \u00c5ke, eller som grundaren av <a href=\"http:\/\/docklands.ee\/\" target=\"_blank\" rel=\"noopener noreferrer\">Docklands<\/a>. V\u00e5r f\u00f6rebild n\u00e4r det kommer till epikuristiskt f\u00f6rh\u00e5llningss\u00e4tt till livet och en frihets\u00e4lskande m\u00e4nniska med stor erfarenhet av att driva fr\u00e5gor som r\u00f6r samh\u00e4llsf\u00f6rb\u00e4ttringar.<\/p>\n<p>[\/one_third_last]<\/p>\n<p>[clear][\/vc_column_text][\/vc_column][\/vc_row]<\/p>\n<\/div>","protected":false},"excerpt":{"rendered":"<p>[vc_row][vc_column][vc_text_separator title=&#8221;I styrelsen f\u00f6r Blueheart Project sitter vi&#8221; i_icon_fontawesome=&#8221;fa fa-gavel&#8221; color=&#8221;blue&#8221; add_icon=&#8221;true&#8221;][vc_column_text][one_third] [custom_frame_center shadow=&#8221;on&#8221;][\/custom_frame_center] Sofie Nor\u00e9n Sofie \u00e4r ordf\u00f6rande i stiftelsens styrelse och st\u00e5r f\u00f6r enkelhet och har fantastiska och samtidigt jordn\u00e4ra planer p\u00e5 det mesta. Sofie Nor\u00e9n valdes in som ledamot p\u00e5 \u00e5rsst\u00e4mman den 26 april 2019. Sofie \u00e4r inte bara utbildad samh\u00e4llsentrepren\u00f6r utan [&hellip;]<\/p>\n","protected":false},"author":1,"featured_media":0,"parent":165,"menu_order":0,"comment_status":"closed","ping_status":"closed","template":"page-PageTemplate5.php","meta":{"footnotes":""},"class_list":["post-3074","page","type-page","status-publish","hentry"],"_links":{"self":[{"href":"https:\/\/blueheart.center\/sv\/wp-json\/wp\/v2\/pages\/3074","targetHints":{"allow":["GET"]}}],"collection":[{"href":"https:\/\/blueheart.center\/sv\/wp-json\/wp\/v2\/pages"}],"about":[{"href":"https:\/\/blueheart.center\/sv\/wp-json\/wp\/v2\/types\/page"}],"author":[{"embeddable":true,"href":"https:\/\/blueheart.center\/sv\/wp-json\/wp\/v2\/users\/1"}],"replies":[{"embeddable":true,"href":"https:\/\/blueheart.center\/sv\/wp-json\/wp\/v2\/comments?post=3074"}],"version-history":[{"count":0,"href":"https:\/\/blueheart.center\/sv\/wp-json\/wp\/v2\/pages\/3074\/revisions"}],"up":[{"embeddable":true,"href":"https:\/\/blueheart.center\/sv\/wp-json\/wp\/v2\/pages\/165"}],"wp:attachment":[{"href":"https:\/\/blueheart.center\/sv\/wp-json\/wp\/v2\/media?parent=3074"}],"curies":[{"name":"wp","href":"https:\/\/api.w.org\/{rel}","templated":true}]}}