{"id":160,"date":"2014-09-28T18:07:49","date_gmt":"2014-09-28T16:07:49","guid":{"rendered":"http:\/\/mikael.wpengine.com\/?page_id=160"},"modified":"2026-01-09T12:12:07","modified_gmt":"2026-01-09T10:12:07","slug":"donera","status":"publish","type":"page","link":"https:\/\/blueheart.center\/sv\/komma-igang\/donera\/","title":{"rendered":"Vill du ge projektet en donation?"},"content":{"rendered":"<h1>Ge ditt st\u00f6d till projektet<\/h1>\n<p><strong>Du kan hj\u00e4lpa Blueheart Project genom att donera pengar till v\u00e5r insamlingsstiftelse. Alla donationer tillfaller oavkortat till f\u00f6rverkligandet av Blueheart Center.<\/strong><\/p>\n<h2>Swish<\/h2>\n<p><strong>Skicka till 1234 83 99 40.<\/strong><\/p>\n<p><a href=\"https:\/\/blueheart.center\/wp-content\/uploads\/Swish-logo1.png\"><img loading=\"lazy\" decoding=\"async\" class=\"alignnone  wp-image-443\" src=\"http:\/\/blueheart.center\/wp-content\/uploads\/Swish-logo1-300x95.png\" alt=\"Swish-logo1\" width=\"158\" height=\"50\" \/><\/a><img loading=\"lazy\" decoding=\"async\" src=\"https:\/\/www.paypalobjects.com\/sv_SE\/i\/scr\/pixel.gif\" alt=\"\" width=\"1\" height=\"1\" border=\"0\" \/><\/p>\n<form action=\"https:\/\/www.paypal.com\/cgi-bin\/webscr\" method=\"post\" target=\"_top\"><\/form>\n\n[clear]<\/p>\n","protected":false},"excerpt":{"rendered":"<p>Ge ditt st\u00f6d till projektet Du kan hj\u00e4lpa Blueheart Project genom att donera pengar till v\u00e5r insamlingsstiftelse. Alla donationer tillfaller oavkortat till f\u00f6rverkligandet av Blueheart Center. Swish Skicka till 1234 83 99 40. [clear]<\/p>\n","protected":false},"author":1,"featured_media":274,"parent":95,"menu_order":0,"comment_status":"open","ping_status":"open","template":"page-PageTemplate3.php","meta":{"footnotes":""},"class_list":["post-160","page","type-page","status-publish","has-post-thumbnail","hentry"],"_links":{"self":[{"href":"https:\/\/blueheart.center\/sv\/wp-json\/wp\/v2\/pages\/160","targetHints":{"allow":["GET"]}}],"collection":[{"href":"https:\/\/blueheart.center\/sv\/wp-json\/wp\/v2\/pages"}],"about":[{"href":"https:\/\/blueheart.center\/sv\/wp-json\/wp\/v2\/types\/page"}],"author":[{"embeddable":true,"href":"https:\/\/blueheart.center\/sv\/wp-json\/wp\/v2\/users\/1"}],"replies":[{"embeddable":true,"href":"https:\/\/blueheart.center\/sv\/wp-json\/wp\/v2\/comments?post=160"}],"version-history":[{"count":0,"href":"https:\/\/blueheart.center\/sv\/wp-json\/wp\/v2\/pages\/160\/revisions"}],"up":[{"embeddable":true,"href":"https:\/\/blueheart.center\/sv\/wp-json\/wp\/v2\/pages\/95"}],"wp:featuredmedia":[{"embeddable":true,"href":"https:\/\/blueheart.center\/sv\/wp-json\/wp\/v2\/media\/274"}],"wp:attachment":[{"href":"https:\/\/blueheart.center\/sv\/wp-json\/wp\/v2\/media?parent=160"}],"curies":[{"name":"wp","href":"https:\/\/api.w.org\/{rel}","templated":true}]}}