{"id":3216,"date":"2016-02-03T05:49:47","date_gmt":"2016-02-03T03:49:47","guid":{"rendered":"http:\/\/blueheart.center\/?post_type=product&#038;p=3216"},"modified":"2020-01-24T04:32:06","modified_gmt":"2020-01-24T02:32:06","slug":"bauta-hjarta","status":"publish","type":"product","link":"https:\/\/blueheart.center\/en\/shop\/product\/bauta-hjarta\/","title":{"rendered":"Bauta hj\u00e4rta"},"content":{"rendered":"<p>[custom_list style=&#8221;list-2&#8243;]<\/p>\n<ul>\n<li>Handgjort<\/li>\n<li>Specialtillverkat<\/li>\n<li>Unikt<\/li>\n<\/ul>\n<p>[\/custom_list]<\/p>\n<p>&nbsp;<\/p>\n<p>&nbsp;<\/p>\n<p>&nbsp;<\/p>\n","protected":false},"excerpt":{"rendered":"<p><strong>K\u00f6p bauta hj\u00e4rtat. Vi beh\u00f6ver minst 30 dagars leveranstid f\u00f6r att kunna f\u00e4rdigst\u00e4lla hj\u00e4rtat av stora proportioner.<\/strong><\/p>\n<p>Perfekt som g\u00e5va och tillverkas av \u00e5tervunnet material. Garanterat uppskattat. Snyggt i tr\u00e4dg\u00e5rden.<\/p>\n<p>[custom_list style=&#8221;list-2&#8243;]<\/p>\n<ul>\n<li>Handgjort<\/li>\n<li>Specialtillverkat<\/li>\n<li>Unikt<\/li>\n<\/ul>\n<p>[\/custom_list]<\/p>\n","protected":false},"featured_media":4444,"comment_status":"open","ping_status":"closed","template":"","meta":[],"product_brand":[],"product_cat":[65,238],"product_tag":[],"class_list":{"0":"post-3216","1":"product","2":"type-product","3":"status-publish","4":"has-post-thumbnail","6":"product_cat-hjartan","7":"product_cat-konst","8":"product_shipping_class-stor","10":"first","11":"instock","12":"shipping-taxable","13":"purchasable","14":"product-type-simple"},"_links":{"self":[{"href":"https:\/\/blueheart.center\/en\/wp-json\/wp\/v2\/product\/3216","targetHints":{"allow":["GET"]}}],"collection":[{"href":"https:\/\/blueheart.center\/en\/wp-json\/wp\/v2\/product"}],"about":[{"href":"https:\/\/blueheart.center\/en\/wp-json\/wp\/v2\/types\/product"}],"replies":[{"embeddable":true,"href":"https:\/\/blueheart.center\/en\/wp-json\/wp\/v2\/comments?post=3216"}],"wp:featuredmedia":[{"embeddable":true,"href":"https:\/\/blueheart.center\/en\/wp-json\/wp\/v2\/media\/4444"}],"wp:attachment":[{"href":"https:\/\/blueheart.center\/en\/wp-json\/wp\/v2\/media?parent=3216"}],"wp:term":[{"taxonomy":"product_brand","embeddable":true,"href":"https:\/\/blueheart.center\/en\/wp-json\/wp\/v2\/product_brand?post=3216"},{"taxonomy":"product_cat","embeddable":true,"href":"https:\/\/blueheart.center\/en\/wp-json\/wp\/v2\/product_cat?post=3216"},{"taxonomy":"product_tag","embeddable":true,"href":"https:\/\/blueheart.center\/en\/wp-json\/wp\/v2\/product_tag?post=3216"}],"curies":[{"name":"wp","href":"https:\/\/api.w.org\/{rel}","templated":true}]}}